{"id":1465,"date":"2021-02-24T18:33:18","date_gmt":"2021-02-24T17:33:18","guid":{"rendered":"http:\/\/dmcfrance.fr\/?page_id=1465"},"modified":"2021-03-01T11:43:39","modified_gmt":"2021-03-01T10:43:39","slug":"qui-sommes-nous","status":"publish","type":"page","link":"https:\/\/dmcfrance.fr\/index.php\/qui-sommes-nous\/","title":{"rendered":"Qui sommes-nous?"},"content":{"rendered":"\t\t<div data-elementor-type=\"wp-page\" data-elementor-id=\"1465\" class=\"elementor elementor-1465\" data-elementor-settings=\"[]\">\n\t\t\t\t\t\t\t<div class=\"elementor-section-wrap\">\n\t\t\t\t\t\t\t<section class=\"elementor-section elementor-top-section elementor-element elementor-element-8c39fce elementor-section-content-middle elementor-section-boxed elementor-section-height-default elementor-section-height-default\" data-id=\"8c39fce\" data-element_type=\"section\" data-settings=\"{&quot;background_background&quot;:&quot;classic&quot;}\">\n\t\t\t\t\t\t\t<div class=\"elementor-background-overlay\"><\/div>\n\t\t\t\t\t\t\t<div class=\"elementor-container elementor-column-gap-no\">\n\t\t\t\t\t<div class=\"elementor-column elementor-col-100 elementor-top-column elementor-element elementor-element-b1952b1\" data-id=\"b1952b1\" data-element_type=\"column\">\n\t\t\t<div class=\"elementor-widget-wrap elementor-element-populated\">\n\t\t\t\t\t\t\t\t<div class=\"elementor-element elementor-element-03b93f0 elementor-widget elementor-widget-heading\" data-id=\"03b93f0\" data-element_type=\"widget\" data-widget_type=\"heading.default\">\n\t\t\t\t<div class=\"elementor-widget-container\">\n\t\t\t<h1 class=\"elementor-heading-title elementor-size-default\">La boutique<\/h1>\t\t<\/div>\n\t\t\t\t<\/div>\n\t\t\t\t\t<\/div>\n\t\t<\/div>\n\t\t\t\t\t\t\t<\/div>\n\t\t<\/section>\n\t\t\t\t<section class=\"elementor-section elementor-top-section elementor-element elementor-element-3a9b7e0 elementor-section-boxed elementor-section-height-default elementor-section-height-default\" data-id=\"3a9b7e0\" data-element_type=\"section\" data-settings=\"{&quot;background_background&quot;:&quot;classic&quot;}\">\n\t\t\t\t\t\t<div class=\"elementor-container elementor-column-gap-default\">\n\t\t\t\t\t<div class=\"elementor-column elementor-col-100 elementor-top-column elementor-element elementor-element-a053cfd\" data-id=\"a053cfd\" data-element_type=\"column\">\n\t\t\t<div class=\"elementor-widget-wrap elementor-element-populated\">\n\t\t\t\t\t\t\t\t<section class=\"elementor-section elementor-inner-section elementor-element elementor-element-03e1cac elementor-section-boxed elementor-section-height-default elementor-section-height-default\" data-id=\"03e1cac\" data-element_type=\"section\">\n\t\t\t\t\t\t<div class=\"elementor-container elementor-column-gap-default\">\n\t\t\t\t\t<div class=\"elementor-column elementor-col-33 elementor-inner-column elementor-element elementor-element-7c66e5c\" data-id=\"7c66e5c\" data-element_type=\"column\">\n\t\t\t<div class=\"elementor-widget-wrap\">\n\t\t\t\t\t\t\t\t\t<\/div>\n\t\t<\/div>\n\t\t\t\t<div class=\"elementor-column elementor-col-33 elementor-inner-column elementor-element elementor-element-b0d8956\" data-id=\"b0d8956\" data-element_type=\"column\">\n\t\t\t<div class=\"elementor-widget-wrap elementor-element-populated\">\n\t\t\t\t\t\t\t\t<div class=\"elementor-element elementor-element-c5768f1 elementor-widget-divider--view-line elementor-widget elementor-widget-divider\" data-id=\"c5768f1\" data-element_type=\"widget\" data-widget_type=\"divider.default\">\n\t\t\t\t<div class=\"elementor-widget-container\">\n\t\t\t\t\t<div class=\"elementor-divider\">\n\t\t\t<span class=\"elementor-divider-separator\">\n\t\t\t\t\t\t<\/span>\n\t\t<\/div>\n\t\t\t\t<\/div>\n\t\t\t\t<\/div>\n\t\t\t\t<div class=\"elementor-element elementor-element-e0a6bd8 elementor-widget elementor-widget-heading\" data-id=\"e0a6bd8\" data-element_type=\"widget\" data-widget_type=\"heading.default\">\n\t\t\t\t<div class=\"elementor-widget-container\">\n\t\t\t<h6 class=\"elementor-heading-title elementor-size-default\">DMC France, c\u2019est plus de 40 ans d\u2019exp\u00e9rience et de services aupr\u00e8s de nos clients.<br>\nGrossistes en serrurerie, nous sommes sp\u00e9cialistes dans la distribution d\u2019\u00e9bauches avec une large gamme de plusieurs milliers d\u2019\u00e9bauches.<br>\nNous r\u00e9alisons \u00e9galement des copies de cl\u00e9s ainsi que des cl\u00e9s brevet\u00e9es sur num\u00e9ro. <br><br>Cylindres, verrous, serrures, batteuses, vous trouverez chez nous un large choix de produits \u00e0 prix comp\u00e9titifs. <br><br>\nVous pourrez ainsi trouver sur notre site internet dmcfrance.fr notre gamme de produits ainsi que les tarifs correspondants. <br><br>\nNous vous proposerons chaque mois nos nouveaut\u00e9s ainsi que nos promotions dans la rubrique Promotions du mois de notre site.<br><br>\nRetrouvez-nous dans notre boutique parisienne au 58 boulevard Richard Lenoir 75011 Paris du lundi au vendredi de 8h \u00e0 17h ou encore contactez-nous et passez vos commandes par mail :<br><br> (dmcfrance58@gmail.com ) ou par t\u00e9l\u00e9phone au 01-43-57-95-18 !<br><br>\nLes commandes pass\u00e9es via notre e-mail ou notre t\u00e9l\u00e9phone sont trait\u00e9es et exp\u00e9di\u00e9es le jour m\u00eame !\nA tr\u00e8s vite chez DMC France\u2026.\n<\/h6>\t\t<\/div>\n\t\t\t\t<\/div>\n\t\t\t\t<div class=\"elementor-element elementor-element-597a56e elementor-widget elementor-widget-text-editor\" data-id=\"597a56e\" data-element_type=\"widget\" data-widget_type=\"text-editor.default\">\n\t\t\t\t<div class=\"elementor-widget-container\">\n\t\t\t\t\t\t\t\t\t\t\t\t\t\t<\/div>\n\t\t\t\t<\/div>\n\t\t\t\t\t<\/div>\n\t\t<\/div>\n\t\t\t\t<div class=\"elementor-column elementor-col-33 elementor-inner-column elementor-element elementor-element-e06e277\" data-id=\"e06e277\" data-element_type=\"column\">\n\t\t\t<div class=\"elementor-widget-wrap\">\n\t\t\t\t\t\t\t\t\t<\/div>\n\t\t<\/div>\n\t\t\t\t\t\t\t<\/div>\n\t\t<\/section>\n\t\t\t\t\t<\/div>\n\t\t<\/div>\n\t\t\t\t\t\t\t<\/div>\n\t\t<\/section>\n\t\t\t\t\t\t<\/div>\n\t\t\t\t\t<\/div>\n\t\t","protected":false},"excerpt":{"rendered":"<p>La boutique DMC France, c\u2019est plus de 40 ans d\u2019exp\u00e9rience et de services aupr\u00e8s de nos clients. Grossistes en serrurerie, nous sommes sp\u00e9cialistes dans la distribution d\u2019\u00e9bauches avec une large gamme de plusieurs milliers d\u2019\u00e9bauches. Nous r\u00e9alisons \u00e9galement des copies de cl\u00e9s ainsi que des cl\u00e9s brevet\u00e9es sur num\u00e9ro. Cylindres, verrous, serrures, batteuses, vous trouverez [&hellip;]<\/p>\n","protected":false},"author":1,"featured_media":0,"parent":0,"menu_order":0,"comment_status":"closed","ping_status":"closed","template":"","meta":{"footnotes":""},"class_list":["post-1465","page","type-page","status-publish","hentry"],"_links":{"self":[{"href":"https:\/\/dmcfrance.fr\/index.php\/wp-json\/wp\/v2\/pages\/1465","targetHints":{"allow":["GET"]}}],"collection":[{"href":"https:\/\/dmcfrance.fr\/index.php\/wp-json\/wp\/v2\/pages"}],"about":[{"href":"https:\/\/dmcfrance.fr\/index.php\/wp-json\/wp\/v2\/types\/page"}],"author":[{"embeddable":true,"href":"https:\/\/dmcfrance.fr\/index.php\/wp-json\/wp\/v2\/users\/1"}],"replies":[{"embeddable":true,"href":"https:\/\/dmcfrance.fr\/index.php\/wp-json\/wp\/v2\/comments?post=1465"}],"version-history":[{"count":59,"href":"https:\/\/dmcfrance.fr\/index.php\/wp-json\/wp\/v2\/pages\/1465\/revisions"}],"predecessor-version":[{"id":2284,"href":"https:\/\/dmcfrance.fr\/index.php\/wp-json\/wp\/v2\/pages\/1465\/revisions\/2284"}],"wp:attachment":[{"href":"https:\/\/dmcfrance.fr\/index.php\/wp-json\/wp\/v2\/media?parent=1465"}],"curies":[{"name":"wp","href":"https:\/\/api.w.org\/{rel}","templated":true}]}}