{"id":2418,"date":"2021-03-04T15:33:38","date_gmt":"2021-03-04T14:33:38","guid":{"rendered":"http:\/\/dmcfrance.fr\/?page_id=2418"},"modified":"2021-03-23T08:59:38","modified_gmt":"2021-03-23T07:59:38","slug":"cles-originales-en-copie-2","status":"publish","type":"page","link":"https:\/\/dmcfrance.fr\/index.php\/cles-originales-en-copie-2\/","title":{"rendered":"Cl\u00e9s originales \/ sur num\u00e9ro"},"content":{"rendered":"\n<h3 class=\"has-text-align-center wp-block-heading\"><span class=\"has-inline-color has-colibri-color-4-color\">Pour d\u00e9couvrir notre catalogue, cliquez sur le bouton t\u00e9l\u00e9charger ou laissez vous guider par le catalogue ci-dessous.<\/span><\/h3>\n\n\n\n<div class=\"wp-block-file\"><a href=\"http:\/\/dmcfrance.fr\/wp-content\/uploads\/2021\/03\/catalogue-dmc-3.pdf\">Catalogue de cl\u00e9s DMC FRANCE<\/a><a href=\"http:\/\/dmcfrance.fr\/wp-content\/uploads\/2021\/03\/catalogue-dmc-3.pdf\" class=\"wp-block-file__button\" download>T\u00e9l\u00e9charger le catalogue de cl\u00e9s originales<\/a><\/div>\n\n\n<a href=\"https:\/\/dmcfrance.fr\/wp-content\/uploads\/2021\/03\/catalogue-dmc-1.pdf\" class=\"pdfemb-viewer\" style=\"width: 500px; height: 800px; \" data-width=\"500\" data-height=\"800\"  data-toolbar=\"both\" data-toolbar-fixed=\"on\">catalogue-dmc-1<br\/><\/a>\n<p class=\"wp-block-pdfemb-pdf-embedder-viewer\"><\/p>\n\n\n\n<div class=\"wp-block-buttons is-layout-flex wp-block-buttons-is-layout-flex\"><\/div>\n\n\n\n<p><\/p>\n","protected":false},"excerpt":{"rendered":"<p>Pour d\u00e9couvrir notre catalogue, cliquez sur le bouton t\u00e9l\u00e9charger ou laissez vous guider par le catalogue ci-dessous.<\/p>\n","protected":false},"author":1,"featured_media":0,"parent":0,"menu_order":0,"comment_status":"closed","ping_status":"closed","template":"","meta":{"footnotes":""},"class_list":["post-2418","page","type-page","status-publish","hentry"],"_links":{"self":[{"href":"https:\/\/dmcfrance.fr\/index.php\/wp-json\/wp\/v2\/pages\/2418","targetHints":{"allow":["GET"]}}],"collection":[{"href":"https:\/\/dmcfrance.fr\/index.php\/wp-json\/wp\/v2\/pages"}],"about":[{"href":"https:\/\/dmcfrance.fr\/index.php\/wp-json\/wp\/v2\/types\/page"}],"author":[{"embeddable":true,"href":"https:\/\/dmcfrance.fr\/index.php\/wp-json\/wp\/v2\/users\/1"}],"replies":[{"embeddable":true,"href":"https:\/\/dmcfrance.fr\/index.php\/wp-json\/wp\/v2\/comments?post=2418"}],"version-history":[{"count":6,"href":"https:\/\/dmcfrance.fr\/index.php\/wp-json\/wp\/v2\/pages\/2418\/revisions"}],"predecessor-version":[{"id":2478,"href":"https:\/\/dmcfrance.fr\/index.php\/wp-json\/wp\/v2\/pages\/2418\/revisions\/2478"}],"wp:attachment":[{"href":"https:\/\/dmcfrance.fr\/index.php\/wp-json\/wp\/v2\/media?parent=2418"}],"curies":[{"name":"wp","href":"https:\/\/api.w.org\/{rel}","templated":true}]}}