{"id":2450,"date":"2021-03-20T22:05:27","date_gmt":"2021-03-20T21:05:27","guid":{"rendered":"http:\/\/dmcfrance.fr\/?page_id=2450"},"modified":"2021-03-23T08:57:29","modified_gmt":"2021-03-23T07:57:29","slug":"cles-a-pompe-et-double-panneton-italiennes","status":"publish","type":"page","link":"https:\/\/dmcfrance.fr\/index.php\/cles-a-pompe-et-double-panneton-italiennes\/","title":{"rendered":"Cl\u00e9s \u00e0 pompe et double panneton italiennes"},"content":{"rendered":"\n<div class=\"wp-block-buttons is-layout-flex wp-block-buttons-is-layout-flex\"><\/div>\n\n\n<p><\/p>\n<p><em><strong>D\u00e9couvrez ci-dessous notre catalogue d&rsquo;\u00e9bauches de cl\u00e9s double panneton et \u00e0 pompe italiennes.<\/strong><\/em><\/p>\n\n<a href=\"https:\/\/dmcfrance.fr\/wp-content\/uploads\/2021\/03\/clef-DOUBLEPANNETON.pdf\" class=\"pdfemb-viewer\" style=\"width: 500px; height: 800px; \" data-width=\"500\" data-height=\"800\"  data-toolbar=\"both\" data-toolbar-fixed=\"on\">clef-DOUBLEPANNETON<br\/><\/a>\n<p class=\"wp-block-pdfemb-pdf-embedder-viewer\"><\/p>\n\n\n\n<p><\/p>\n\n\n\n<div class=\"wp-block-buttons is-layout-flex wp-block-buttons-is-layout-flex\"><\/div>\n","protected":false},"excerpt":{"rendered":"<p>D\u00e9couvrez ci-dessous notre catalogue d&rsquo;\u00e9bauches de cl\u00e9s double panneton et \u00e0 pompe italiennes.<\/p>\n","protected":false},"author":1,"featured_media":0,"parent":0,"menu_order":0,"comment_status":"closed","ping_status":"closed","template":"","meta":{"footnotes":""},"class_list":["post-2450","page","type-page","status-publish","hentry"],"_links":{"self":[{"href":"https:\/\/dmcfrance.fr\/index.php\/wp-json\/wp\/v2\/pages\/2450","targetHints":{"allow":["GET"]}}],"collection":[{"href":"https:\/\/dmcfrance.fr\/index.php\/wp-json\/wp\/v2\/pages"}],"about":[{"href":"https:\/\/dmcfrance.fr\/index.php\/wp-json\/wp\/v2\/types\/page"}],"author":[{"embeddable":true,"href":"https:\/\/dmcfrance.fr\/index.php\/wp-json\/wp\/v2\/users\/1"}],"replies":[{"embeddable":true,"href":"https:\/\/dmcfrance.fr\/index.php\/wp-json\/wp\/v2\/comments?post=2450"}],"version-history":[{"count":14,"href":"https:\/\/dmcfrance.fr\/index.php\/wp-json\/wp\/v2\/pages\/2450\/revisions"}],"predecessor-version":[{"id":2477,"href":"https:\/\/dmcfrance.fr\/index.php\/wp-json\/wp\/v2\/pages\/2450\/revisions\/2477"}],"wp:attachment":[{"href":"https:\/\/dmcfrance.fr\/index.php\/wp-json\/wp\/v2\/media?parent=2450"}],"curies":[{"name":"wp","href":"https:\/\/api.w.org\/{rel}","templated":true}]}}