{"id":2486,"date":"2021-04-13T13:47:18","date_gmt":"2021-04-13T11:47:18","guid":{"rendered":"http:\/\/dmcfrance.fr\/?page_id=2486"},"modified":"2021-04-20T12:56:34","modified_gmt":"2021-04-20T10:56:34","slug":"cles-a-point","status":"publish","type":"page","link":"https:\/\/dmcfrance.fr\/index.php\/cles-a-point\/","title":{"rendered":"Cl\u00e9s \u00e0 point"},"content":{"rendered":"\n<p>D\u00e9couvrez notre catalogue de cl\u00e9s \u00e0 point en cliquant sur le bouton t\u00e9l\u00e9charger et retrouvez-le dans vos documents t\u00e9l\u00e9charg\u00e9s.<\/p>\n\n\n\n<div class=\"wp-block-columns are-vertically-aligned-center is-layout-flex wp-container-core-columns-is-layout-9d6595d7 wp-block-columns-is-layout-flex\">\n<div class=\"wp-block-column is-vertically-aligned-center is-layout-flow wp-block-column-is-layout-flow\" style=\"flex-basis:100%\">\n<div class=\"wp-block-file\"><a href=\"http:\/\/dmcfrance.fr\/wp-content\/uploads\/2021\/04\/clesapoint-1.pdf\" target=\"_blank\" rel=\"noreferrer noopener\">                     Catalogue de cl\u00e9s \u00e0 point<\/a><a href=\"http:\/\/dmcfrance.fr\/wp-content\/uploads\/2021\/04\/clesapoint-1.pdf\" class=\"wp-block-file__button\" download>T\u00e9l\u00e9charger<\/a><\/div>\n<\/div>\n<\/div>\n\n\n\n<p><\/p>\n","protected":false},"excerpt":{"rendered":"<p>D\u00e9couvrez notre catalogue de cl\u00e9s \u00e0 point en cliquant sur le bouton t\u00e9l\u00e9charger et retrouvez-le dans vos documents t\u00e9l\u00e9charg\u00e9s.<\/p>\n","protected":false},"author":1,"featured_media":0,"parent":0,"menu_order":0,"comment_status":"closed","ping_status":"closed","template":"","meta":{"footnotes":""},"class_list":["post-2486","page","type-page","status-publish","hentry"],"_links":{"self":[{"href":"https:\/\/dmcfrance.fr\/index.php\/wp-json\/wp\/v2\/pages\/2486","targetHints":{"allow":["GET"]}}],"collection":[{"href":"https:\/\/dmcfrance.fr\/index.php\/wp-json\/wp\/v2\/pages"}],"about":[{"href":"https:\/\/dmcfrance.fr\/index.php\/wp-json\/wp\/v2\/types\/page"}],"author":[{"embeddable":true,"href":"https:\/\/dmcfrance.fr\/index.php\/wp-json\/wp\/v2\/users\/1"}],"replies":[{"embeddable":true,"href":"https:\/\/dmcfrance.fr\/index.php\/wp-json\/wp\/v2\/comments?post=2486"}],"version-history":[{"count":12,"href":"https:\/\/dmcfrance.fr\/index.php\/wp-json\/wp\/v2\/pages\/2486\/revisions"}],"predecessor-version":[{"id":2504,"href":"https:\/\/dmcfrance.fr\/index.php\/wp-json\/wp\/v2\/pages\/2486\/revisions\/2504"}],"wp:attachment":[{"href":"https:\/\/dmcfrance.fr\/index.php\/wp-json\/wp\/v2\/media?parent=2486"}],"curies":[{"name":"wp","href":"https:\/\/api.w.org\/{rel}","templated":true}]}}